{"id":5848,"date":"2018-02-04T18:03:43","date_gmt":"2018-02-04T17:03:43","guid":{"rendered":"http:\/\/oka-doors.com?post_type=product&#038;p=5848"},"modified":"2018-02-04T18:04:50","modified_gmt":"2018-02-04T17:04:50","slug":"rozeta-cokol-debowy","status":"publish","type":"product","link":"https:\/\/oka-doors.com\/pl\/produkt\/elementy-wykonczeniowe\/rozeta-cokol-debowy","title":{"rendered":"Rozeta + cok\u00f3\u0142 d\u0119bowy"},"content":{"rendered":"","protected":false},"excerpt":{"rendered":"","protected":false},"featured_media":5854,"template":"","meta":[],"_links":{"self":[{"href":"https:\/\/oka-doors.com\/pl\/wp-json\/wp\/v2\/product\/5848"}],"collection":[{"href":"https:\/\/oka-doors.com\/pl\/wp-json\/wp\/v2\/product"}],"about":[{"href":"https:\/\/oka-doors.com\/pl\/wp-json\/wp\/v2\/types\/product"}],"wp:featuredmedia":[{"embeddable":true,"href":"https:\/\/oka-doors.com\/pl\/wp-json\/wp\/v2\/media\/5854"}],"wp:attachment":[{"href":"https:\/\/oka-doors.com\/pl\/wp-json\/wp\/v2\/media?parent=5848"}],"curies":[{"name":"wp","href":"https:\/\/api.w.org\/{rel}","templated":true}]}}