{"id":5822,"date":"2018-02-04T17:58:21","date_gmt":"2018-02-04T16:58:21","guid":{"rendered":"http:\/\/oka-doors.com?post_type=product&#038;p=5822"},"modified":"2018-02-04T17:59:36","modified_gmt":"2018-02-04T16:59:36","slug":"opaska-debowa-zlobiona","status":"publish","type":"product","link":"https:\/\/oka-doors.com\/pl\/produkt\/elementy-wykonczeniowe\/opaska-debowa-zlobiona","title":{"rendered":"Opaska d\u0119bowa (\u017c\u0142obiona)"},"content":{"rendered":"","protected":false},"excerpt":{"rendered":"","protected":false},"featured_media":5824,"template":"","meta":[],"_links":{"self":[{"href":"https:\/\/oka-doors.com\/pl\/wp-json\/wp\/v2\/product\/5822"}],"collection":[{"href":"https:\/\/oka-doors.com\/pl\/wp-json\/wp\/v2\/product"}],"about":[{"href":"https:\/\/oka-doors.com\/pl\/wp-json\/wp\/v2\/types\/product"}],"wp:featuredmedia":[{"embeddable":true,"href":"https:\/\/oka-doors.com\/pl\/wp-json\/wp\/v2\/media\/5824"}],"wp:attachment":[{"href":"https:\/\/oka-doors.com\/pl\/wp-json\/wp\/v2\/media?parent=5822"}],"curies":[{"name":"wp","href":"https:\/\/api.w.org\/{rel}","templated":true}]}}