{"id":5738,"date":"2018-02-04T17:32:09","date_gmt":"2018-02-04T16:32:09","guid":{"rendered":"http:\/\/oka-doors.com?post_type=product&#038;p=5738"},"modified":"2018-02-04T17:34:41","modified_gmt":"2018-02-04T16:34:41","slug":"oscieznica-debowa","status":"publish","type":"product","link":"https:\/\/oka-doors.com\/pl\/produkt\/elementy-wykonczeniowe\/oscieznica-debowa","title":{"rendered":"O\u015bcie\u017cnica d\u0119bowa"},"content":{"rendered":"","protected":false},"excerpt":{"rendered":"","protected":false},"featured_media":5740,"template":"","meta":[],"_links":{"self":[{"href":"https:\/\/oka-doors.com\/pl\/wp-json\/wp\/v2\/product\/5738"}],"collection":[{"href":"https:\/\/oka-doors.com\/pl\/wp-json\/wp\/v2\/product"}],"about":[{"href":"https:\/\/oka-doors.com\/pl\/wp-json\/wp\/v2\/types\/product"}],"wp:featuredmedia":[{"embeddable":true,"href":"https:\/\/oka-doors.com\/pl\/wp-json\/wp\/v2\/media\/5740"}],"wp:attachment":[{"href":"https:\/\/oka-doors.com\/pl\/wp-json\/wp\/v2\/media?parent=5738"}],"curies":[{"name":"wp","href":"https:\/\/api.w.org\/{rel}","templated":true}]}}